{"id":7110,"date":"2023-02-20T16:45:46","date_gmt":"2023-02-20T16:45:46","guid":{"rendered":"https:\/\/www.loja.prorevi.pt\/?post_type=product&#038;p=7110"},"modified":"2023-04-14T16:59:58","modified_gmt":"2023-04-14T16:59:58","slug":"alcapoes","status":"publish","type":"product","link":"https:\/\/www.loja.prorevi.pt\/?product=alcapoes","title":{"rendered":"Al\u00e7ap\u00f5es"},"content":{"rendered":"<p>Permitem uma abertura tipo basculante (molas para cima) em estruturas de gesso cartonado, para acessos t\u00e9cnicos ou ventila\u00e7\u00e3o. S\u00e3o constitu\u00eddos por perfis em alum\u00ednio, placa de gesso cartonado hidr\u00f3fuga, esquadros de refor\u00e7o galvanizados e molas em a\u00e7o inox.<\/p>\n","protected":false},"excerpt":{"rendered":"<ul>\n<li>Escotilha de a\u00e7o galvanizado lacado branco (RAL 9016) para sistemas de gesso cartonado com fechadura de chave quadrada.<\/li>\n<\/ul>\n","protected":false},"featured_media":7111,"comment_status":"open","ping_status":"closed","template":"","meta":[],"product_cat":[112,111],"product_tag":[],"_links":{"self":[{"href":"https:\/\/www.loja.prorevi.pt\/index.php?rest_route=\/wp\/v2\/product\/7110"}],"collection":[{"href":"https:\/\/www.loja.prorevi.pt\/index.php?rest_route=\/wp\/v2\/product"}],"about":[{"href":"https:\/\/www.loja.prorevi.pt\/index.php?rest_route=\/wp\/v2\/types\/product"}],"replies":[{"embeddable":true,"href":"https:\/\/www.loja.prorevi.pt\/index.php?rest_route=%2Fwp%2Fv2%2Fcomments&post=7110"}],"wp:featuredmedia":[{"embeddable":true,"href":"https:\/\/www.loja.prorevi.pt\/index.php?rest_route=\/wp\/v2\/media\/7111"}],"wp:attachment":[{"href":"https:\/\/www.loja.prorevi.pt\/index.php?rest_route=%2Fwp%2Fv2%2Fmedia&parent=7110"}],"wp:term":[{"taxonomy":"product_cat","embeddable":true,"href":"https:\/\/www.loja.prorevi.pt\/index.php?rest_route=%2Fwp%2Fv2%2Fproduct_cat&post=7110"},{"taxonomy":"product_tag","embeddable":true,"href":"https:\/\/www.loja.prorevi.pt\/index.php?rest_route=%2Fwp%2Fv2%2Fproduct_tag&post=7110"}],"curies":[{"name":"wp","href":"https:\/\/api.w.org\/{rel}","templated":true}]}}