{"id":7216,"date":"2023-04-17T08:34:35","date_gmt":"2023-04-17T08:34:35","guid":{"rendered":"https:\/\/www.loja.prorevi.pt\/?post_type=product&#038;p=7216"},"modified":"2023-04-17T08:34:35","modified_gmt":"2023-04-17T08:34:35","slug":"apoio-intermedio","status":"publish","type":"product","link":"https:\/\/www.loja.prorevi.pt\/?product=apoio-intermedio","title":{"rendered":"Apoio Interm\u00e9dio"},"content":{"rendered":"<p>Pe\u00e7a de fixa\u00e7\u00e3o ajust\u00e1vel para revestimento de paredes em estruturas de metal.<\/p>\n","protected":false},"excerpt":{"rendered":"<p>Pe\u00e7a de fixa\u00e7\u00e3o ajust\u00e1vel para revestimento de paredes em estruturas de metal.<\/p>\n","protected":false},"featured_media":7217,"comment_status":"open","ping_status":"closed","template":"","meta":[],"product_cat":[112,111],"product_tag":[],"_links":{"self":[{"href":"https:\/\/www.loja.prorevi.pt\/index.php?rest_route=\/wp\/v2\/product\/7216"}],"collection":[{"href":"https:\/\/www.loja.prorevi.pt\/index.php?rest_route=\/wp\/v2\/product"}],"about":[{"href":"https:\/\/www.loja.prorevi.pt\/index.php?rest_route=\/wp\/v2\/types\/product"}],"replies":[{"embeddable":true,"href":"https:\/\/www.loja.prorevi.pt\/index.php?rest_route=%2Fwp%2Fv2%2Fcomments&post=7216"}],"wp:featuredmedia":[{"embeddable":true,"href":"https:\/\/www.loja.prorevi.pt\/index.php?rest_route=\/wp\/v2\/media\/7217"}],"wp:attachment":[{"href":"https:\/\/www.loja.prorevi.pt\/index.php?rest_route=%2Fwp%2Fv2%2Fmedia&parent=7216"}],"wp:term":[{"taxonomy":"product_cat","embeddable":true,"href":"https:\/\/www.loja.prorevi.pt\/index.php?rest_route=%2Fwp%2Fv2%2Fproduct_cat&post=7216"},{"taxonomy":"product_tag","embeddable":true,"href":"https:\/\/www.loja.prorevi.pt\/index.php?rest_route=%2Fwp%2Fv2%2Fproduct_tag&post=7216"}],"curies":[{"name":"wp","href":"https:\/\/api.w.org\/{rel}","templated":true}]}}