{"id":7237,"date":"2023-04-17T10:18:19","date_gmt":"2023-04-17T10:18:19","guid":{"rendered":"https:\/\/www.loja.prorevi.pt\/?post_type=product&#038;p=7237"},"modified":"2023-04-17T10:18:19","modified_gmt":"2023-04-17T10:18:19","slug":"pregos-de-fulminantes","status":"publish","type":"product","link":"https:\/\/www.loja.prorevi.pt\/?product=pregos-de-fulminantes","title":{"rendered":"Pregos de Fulminantes"},"content":{"rendered":"<p>Pregos galvanizados em pente, para fixa\u00e7\u00e3o em bet\u00e3o e a\u00e7o, atrav\u00e9s de ferramentas de fixa\u00e7\u00e3o a p\u00f3lvora (pistola).<\/p>\n","protected":false},"excerpt":{"rendered":"<p>Pregos galvanizados em pente, para fixa\u00e7\u00e3o em bet\u00e3o e a\u00e7o, atrav\u00e9s de ferramentas de fixa\u00e7\u00e3o a p\u00f3lvora (pistola).<\/p>\n","protected":false},"featured_media":7238,"comment_status":"open","ping_status":"closed","template":"","meta":[],"product_cat":[112,111],"product_tag":[],"_links":{"self":[{"href":"https:\/\/www.loja.prorevi.pt\/index.php?rest_route=\/wp\/v2\/product\/7237"}],"collection":[{"href":"https:\/\/www.loja.prorevi.pt\/index.php?rest_route=\/wp\/v2\/product"}],"about":[{"href":"https:\/\/www.loja.prorevi.pt\/index.php?rest_route=\/wp\/v2\/types\/product"}],"replies":[{"embeddable":true,"href":"https:\/\/www.loja.prorevi.pt\/index.php?rest_route=%2Fwp%2Fv2%2Fcomments&post=7237"}],"wp:featuredmedia":[{"embeddable":true,"href":"https:\/\/www.loja.prorevi.pt\/index.php?rest_route=\/wp\/v2\/media\/7238"}],"wp:attachment":[{"href":"https:\/\/www.loja.prorevi.pt\/index.php?rest_route=%2Fwp%2Fv2%2Fmedia&parent=7237"}],"wp:term":[{"taxonomy":"product_cat","embeddable":true,"href":"https:\/\/www.loja.prorevi.pt\/index.php?rest_route=%2Fwp%2Fv2%2Fproduct_cat&post=7237"},{"taxonomy":"product_tag","embeddable":true,"href":"https:\/\/www.loja.prorevi.pt\/index.php?rest_route=%2Fwp%2Fv2%2Fproduct_tag&post=7237"}],"curies":[{"name":"wp","href":"https:\/\/api.w.org\/{rel}","templated":true}]}}