{"id":7239,"date":"2023-04-17T10:29:04","date_gmt":"2023-04-17T10:29:04","guid":{"rendered":"https:\/\/www.loja.prorevi.pt\/?post_type=product&#038;p=7239"},"modified":"2023-04-17T10:32:05","modified_gmt":"2023-04-17T10:32:05","slug":"clip-de-suspensao-garra","status":"publish","type":"product","link":"https:\/\/www.loja.prorevi.pt\/?product=clip-de-suspensao-garra","title":{"rendered":"Clip de Suspens\u00e3o \/ Garra"},"content":{"rendered":"<p>Pe\u00e7a fosfatada para fixar o var\u00e3o roscado (6mm de di\u00e2metro) em perfilaria met\u00e1lica (1.5 a 4mm), para estruturas de tetos falsos.<\/p>\n","protected":false},"excerpt":{"rendered":"<p>Pe\u00e7a fosfatada para fixar o var\u00e3o roscado (6mm de di\u00e2metro) em perfilaria met\u00e1lica (1.5 a 4mm), para estruturas de tetos falsos.<\/p>\n","protected":false},"featured_media":7241,"comment_status":"open","ping_status":"closed","template":"","meta":[],"product_cat":[112,111],"product_tag":[],"_links":{"self":[{"href":"https:\/\/www.loja.prorevi.pt\/index.php?rest_route=\/wp\/v2\/product\/7239"}],"collection":[{"href":"https:\/\/www.loja.prorevi.pt\/index.php?rest_route=\/wp\/v2\/product"}],"about":[{"href":"https:\/\/www.loja.prorevi.pt\/index.php?rest_route=\/wp\/v2\/types\/product"}],"replies":[{"embeddable":true,"href":"https:\/\/www.loja.prorevi.pt\/index.php?rest_route=%2Fwp%2Fv2%2Fcomments&post=7239"}],"wp:featuredmedia":[{"embeddable":true,"href":"https:\/\/www.loja.prorevi.pt\/index.php?rest_route=\/wp\/v2\/media\/7241"}],"wp:attachment":[{"href":"https:\/\/www.loja.prorevi.pt\/index.php?rest_route=%2Fwp%2Fv2%2Fmedia&parent=7239"}],"wp:term":[{"taxonomy":"product_cat","embeddable":true,"href":"https:\/\/www.loja.prorevi.pt\/index.php?rest_route=%2Fwp%2Fv2%2Fproduct_cat&post=7239"},{"taxonomy":"product_tag","embeddable":true,"href":"https:\/\/www.loja.prorevi.pt\/index.php?rest_route=%2Fwp%2Fv2%2Fproduct_tag&post=7239"}],"curies":[{"name":"wp","href":"https:\/\/api.w.org\/{rel}","templated":true}]}}