{"id":7243,"date":"2023-04-17T10:35:52","date_gmt":"2023-04-17T10:35:52","guid":{"rendered":"https:\/\/www.loja.prorevi.pt\/?post_type=product&#038;p=7243"},"modified":"2023-04-17T10:35:52","modified_gmt":"2023-04-17T10:35:52","slug":"meia-coleira","status":"publish","type":"product","link":"https:\/\/www.loja.prorevi.pt\/?product=meia-coleira","title":{"rendered":"Meia-coleira"},"content":{"rendered":"<p>Acess\u00f3rio de suspens\u00e3o para estruturas de tetos falsos, que permite a fixa\u00e7\u00e3o de var\u00e3o roscado (6mm de di\u00e2metro).<\/p>\n","protected":false},"excerpt":{"rendered":"<p>Acess\u00f3rio de suspens\u00e3o para estruturas de tetos falsos, que permite a fixa\u00e7\u00e3o de var\u00e3o roscado (6mm de di\u00e2metro).<\/p>\n","protected":false},"featured_media":7244,"comment_status":"open","ping_status":"closed","template":"","meta":[],"product_cat":[112,111],"product_tag":[],"_links":{"self":[{"href":"https:\/\/www.loja.prorevi.pt\/index.php?rest_route=\/wp\/v2\/product\/7243"}],"collection":[{"href":"https:\/\/www.loja.prorevi.pt\/index.php?rest_route=\/wp\/v2\/product"}],"about":[{"href":"https:\/\/www.loja.prorevi.pt\/index.php?rest_route=\/wp\/v2\/types\/product"}],"replies":[{"embeddable":true,"href":"https:\/\/www.loja.prorevi.pt\/index.php?rest_route=%2Fwp%2Fv2%2Fcomments&post=7243"}],"wp:featuredmedia":[{"embeddable":true,"href":"https:\/\/www.loja.prorevi.pt\/index.php?rest_route=\/wp\/v2\/media\/7244"}],"wp:attachment":[{"href":"https:\/\/www.loja.prorevi.pt\/index.php?rest_route=%2Fwp%2Fv2%2Fmedia&parent=7243"}],"wp:term":[{"taxonomy":"product_cat","embeddable":true,"href":"https:\/\/www.loja.prorevi.pt\/index.php?rest_route=%2Fwp%2Fv2%2Fproduct_cat&post=7243"},{"taxonomy":"product_tag","embeddable":true,"href":"https:\/\/www.loja.prorevi.pt\/index.php?rest_route=%2Fwp%2Fv2%2Fproduct_tag&post=7243"}],"curies":[{"name":"wp","href":"https:\/\/api.w.org\/{rel}","templated":true}]}}