{"id":7247,"date":"2023-04-17T10:46:52","date_gmt":"2023-04-17T10:46:52","guid":{"rendered":"https:\/\/www.loja.prorevi.pt\/?post_type=product&#038;p=7247"},"modified":"2023-04-17T10:46:52","modified_gmt":"2023-04-17T10:46:52","slug":"varao-roscado","status":"publish","type":"product","link":"https:\/\/www.loja.prorevi.pt\/?product=varao-roscado","title":{"rendered":"Var\u00e3o Roscado"},"content":{"rendered":"<p>Vara de a\u00e7o zincado, com 1 metro de comprimento e 6mm de di\u00e2metro, usado geralmente como elemento de fixa\u00e7\u00e3o e distanciamento em estruturas de tetos falsos.<\/p>\n","protected":false},"excerpt":{"rendered":"<p>Vara de a\u00e7o zincado, com 1 metro de comprimento e 6mm de di\u00e2metro, usado geralmente como elemento de fixa\u00e7\u00e3o e distanciamento em estruturas de tetos falsos.<\/p>\n","protected":false},"featured_media":7248,"comment_status":"open","ping_status":"closed","template":"","meta":[],"product_cat":[112,111],"product_tag":[],"_links":{"self":[{"href":"https:\/\/www.loja.prorevi.pt\/index.php?rest_route=\/wp\/v2\/product\/7247"}],"collection":[{"href":"https:\/\/www.loja.prorevi.pt\/index.php?rest_route=\/wp\/v2\/product"}],"about":[{"href":"https:\/\/www.loja.prorevi.pt\/index.php?rest_route=\/wp\/v2\/types\/product"}],"replies":[{"embeddable":true,"href":"https:\/\/www.loja.prorevi.pt\/index.php?rest_route=%2Fwp%2Fv2%2Fcomments&post=7247"}],"wp:featuredmedia":[{"embeddable":true,"href":"https:\/\/www.loja.prorevi.pt\/index.php?rest_route=\/wp\/v2\/media\/7248"}],"wp:attachment":[{"href":"https:\/\/www.loja.prorevi.pt\/index.php?rest_route=%2Fwp%2Fv2%2Fmedia&parent=7247"}],"wp:term":[{"taxonomy":"product_cat","embeddable":true,"href":"https:\/\/www.loja.prorevi.pt\/index.php?rest_route=%2Fwp%2Fv2%2Fproduct_cat&post=7247"},{"taxonomy":"product_tag","embeddable":true,"href":"https:\/\/www.loja.prorevi.pt\/index.php?rest_route=%2Fwp%2Fv2%2Fproduct_tag&post=7247"}],"curies":[{"name":"wp","href":"https:\/\/api.w.org\/{rel}","templated":true}]}}