{"id":7267,"date":"2023-04-17T11:43:00","date_gmt":"2023-04-17T11:43:00","guid":{"rendered":"https:\/\/www.loja.prorevi.pt\/?post_type=product&#038;p=7267"},"modified":"2023-04-17T11:43:00","modified_gmt":"2023-04-17T11:43:00","slug":"weber-col-xxl","status":"publish","type":"product","link":"https:\/\/www.loja.prorevi.pt\/?product=weber-col-xxl","title":{"rendered":"Weber col XXL"},"content":{"rendered":"<p>Produto bi-componente para colagem de elevada exig\u00eancia de pedra natural, cer\u00e2mica e mosaico hidr\u00e1ulico em interiores e exteriores.<\/p>\n","protected":false},"excerpt":{"rendered":"<p>Produto bi-componente para colagem de elevada exig\u00eancia de pedra natural, cer\u00e2mica e mosaico hidr\u00e1ulico em interiores e exteriores.<\/p>\n","protected":false},"featured_media":7268,"comment_status":"open","ping_status":"closed","template":"","meta":[],"product_cat":[127,116],"product_tag":[],"_links":{"self":[{"href":"https:\/\/www.loja.prorevi.pt\/index.php?rest_route=\/wp\/v2\/product\/7267"}],"collection":[{"href":"https:\/\/www.loja.prorevi.pt\/index.php?rest_route=\/wp\/v2\/product"}],"about":[{"href":"https:\/\/www.loja.prorevi.pt\/index.php?rest_route=\/wp\/v2\/types\/product"}],"replies":[{"embeddable":true,"href":"https:\/\/www.loja.prorevi.pt\/index.php?rest_route=%2Fwp%2Fv2%2Fcomments&post=7267"}],"wp:featuredmedia":[{"embeddable":true,"href":"https:\/\/www.loja.prorevi.pt\/index.php?rest_route=\/wp\/v2\/media\/7268"}],"wp:attachment":[{"href":"https:\/\/www.loja.prorevi.pt\/index.php?rest_route=%2Fwp%2Fv2%2Fmedia&parent=7267"}],"wp:term":[{"taxonomy":"product_cat","embeddable":true,"href":"https:\/\/www.loja.prorevi.pt\/index.php?rest_route=%2Fwp%2Fv2%2Fproduct_cat&post=7267"},{"taxonomy":"product_tag","embeddable":true,"href":"https:\/\/www.loja.prorevi.pt\/index.php?rest_route=%2Fwp%2Fv2%2Fproduct_tag&post=7267"}],"curies":[{"name":"wp","href":"https:\/\/api.w.org\/{rel}","templated":true}]}}