{"id":7271,"date":"2023-04-17T13:03:52","date_gmt":"2023-04-17T13:03:52","guid":{"rendered":"https:\/\/www.loja.prorevi.pt\/?post_type=product&#038;p=7271"},"modified":"2023-04-17T13:03:52","modified_gmt":"2023-04-17T13:03:52","slug":"bostik-a-585","status":"publish","type":"product","link":"https:\/\/www.loja.prorevi.pt\/?product=bostik-a-585","title":{"rendered":"Bostik &#8211; A 585"},"content":{"rendered":"<p>Selante acr\u00edlico pint\u00e1vel, especialmente desenvolvido para selagem interior de juntas de liga\u00e7\u00e3o entre escadas, paredes, tetos, rodap\u00e9s, peitoris de janelas, juntas perimetrais de caixilharia de metal ou madeira, cimento e alvenaria.<\/p>\n","protected":false},"excerpt":{"rendered":"<p>Selante acr\u00edlico pint\u00e1vel, especialmente desenvolvido para selagem interior de juntas de liga\u00e7\u00e3o entre escadas, paredes, tetos, rodap\u00e9s, peitoris de janelas, juntas perimetrais de caixilharia de metal ou madeira, cimento e alvenaria.<\/p>\n","protected":false},"featured_media":7272,"comment_status":"open","ping_status":"closed","template":"","meta":[],"product_cat":[116,167],"product_tag":[],"_links":{"self":[{"href":"https:\/\/www.loja.prorevi.pt\/index.php?rest_route=\/wp\/v2\/product\/7271"}],"collection":[{"href":"https:\/\/www.loja.prorevi.pt\/index.php?rest_route=\/wp\/v2\/product"}],"about":[{"href":"https:\/\/www.loja.prorevi.pt\/index.php?rest_route=\/wp\/v2\/types\/product"}],"replies":[{"embeddable":true,"href":"https:\/\/www.loja.prorevi.pt\/index.php?rest_route=%2Fwp%2Fv2%2Fcomments&post=7271"}],"wp:featuredmedia":[{"embeddable":true,"href":"https:\/\/www.loja.prorevi.pt\/index.php?rest_route=\/wp\/v2\/media\/7272"}],"wp:attachment":[{"href":"https:\/\/www.loja.prorevi.pt\/index.php?rest_route=%2Fwp%2Fv2%2Fmedia&parent=7271"}],"wp:term":[{"taxonomy":"product_cat","embeddable":true,"href":"https:\/\/www.loja.prorevi.pt\/index.php?rest_route=%2Fwp%2Fv2%2Fproduct_cat&post=7271"},{"taxonomy":"product_tag","embeddable":true,"href":"https:\/\/www.loja.prorevi.pt\/index.php?rest_route=%2Fwp%2Fv2%2Fproduct_tag&post=7271"}],"curies":[{"name":"wp","href":"https:\/\/api.w.org\/{rel}","templated":true}]}}