{"id":7274,"date":"2023-04-17T13:08:01","date_gmt":"2023-04-17T13:08:01","guid":{"rendered":"https:\/\/www.loja.prorevi.pt\/?post_type=product&#038;p=7274"},"modified":"2023-05-30T13:26:44","modified_gmt":"2023-05-30T13:26:44","slug":"bostik-a-790","status":"publish","type":"product","link":"https:\/\/www.loja.prorevi.pt\/?product=bostik-a-790","title":{"rendered":"Bostik &#8211; A 790"},"content":{"rendered":"<p>Selante acr\u00edlico flex\u00edvel de textura areada, pint\u00e1vel, indicado para selagens em interiores e exteriores, incluindo repara\u00e7\u00e3o de fissuras e pequenas cavidades em fachadas, paredes e tetos com acabamento areado \/ texturado.<\/p>\n","protected":false},"excerpt":{"rendered":"<p>Selante acr\u00edlico flex\u00edvel de textura areada, pint\u00e1vel, indicado para selagens em interiores e exteriores, incluindo repara\u00e7\u00e3o de fissuras e pequenas cavidades em fachadas, paredes e tetos com acabamento areado \/ texturado.<\/p>\n","protected":false},"featured_media":7275,"comment_status":"open","ping_status":"closed","template":"","meta":[],"product_cat":[116,167],"product_tag":[],"_links":{"self":[{"href":"https:\/\/www.loja.prorevi.pt\/index.php?rest_route=\/wp\/v2\/product\/7274"}],"collection":[{"href":"https:\/\/www.loja.prorevi.pt\/index.php?rest_route=\/wp\/v2\/product"}],"about":[{"href":"https:\/\/www.loja.prorevi.pt\/index.php?rest_route=\/wp\/v2\/types\/product"}],"replies":[{"embeddable":true,"href":"https:\/\/www.loja.prorevi.pt\/index.php?rest_route=%2Fwp%2Fv2%2Fcomments&post=7274"}],"wp:featuredmedia":[{"embeddable":true,"href":"https:\/\/www.loja.prorevi.pt\/index.php?rest_route=\/wp\/v2\/media\/7275"}],"wp:attachment":[{"href":"https:\/\/www.loja.prorevi.pt\/index.php?rest_route=%2Fwp%2Fv2%2Fmedia&parent=7274"}],"wp:term":[{"taxonomy":"product_cat","embeddable":true,"href":"https:\/\/www.loja.prorevi.pt\/index.php?rest_route=%2Fwp%2Fv2%2Fproduct_cat&post=7274"},{"taxonomy":"product_tag","embeddable":true,"href":"https:\/\/www.loja.prorevi.pt\/index.php?rest_route=%2Fwp%2Fv2%2Fproduct_tag&post=7274"}],"curies":[{"name":"wp","href":"https:\/\/api.w.org\/{rel}","templated":true}]}}