{"id":7282,"date":"2023-04-17T13:23:37","date_gmt":"2023-04-17T13:23:37","guid":{"rendered":"https:\/\/www.loja.prorevi.pt\/?post_type=product&#038;p=7282"},"modified":"2023-05-30T13:26:40","modified_gmt":"2023-05-30T13:26:40","slug":"bostik-h-505","status":"publish","type":"product","link":"https:\/\/www.loja.prorevi.pt\/?product=bostik-h-505","title":{"rendered":"Bostik &#8211; H 505"},"content":{"rendered":"<p>Selante e adesivo universal transparente de alta qualidade, de base h\u00edbrida, para uma ampla variedade de materiais de constru\u00e7\u00e3o comuns, em ambientes interiores e exteriores (aconselha-se evitar exposi\u00e7\u00e3o direta aos raios U.V.).<\/p>\n","protected":false},"excerpt":{"rendered":"<p>Selante e adesivo universal transparente de alta qualidade, de base h\u00edbrida, para uma ampla variedade de materiais de constru\u00e7\u00e3o comuns, em ambientes interiores e exteriores (aconselha-se evitar exposi\u00e7\u00e3o direta aos raios U.V.).<\/p>\n","protected":false},"featured_media":7283,"comment_status":"open","ping_status":"closed","template":"","meta":[],"product_cat":[168,116],"product_tag":[],"_links":{"self":[{"href":"https:\/\/www.loja.prorevi.pt\/index.php?rest_route=\/wp\/v2\/product\/7282"}],"collection":[{"href":"https:\/\/www.loja.prorevi.pt\/index.php?rest_route=\/wp\/v2\/product"}],"about":[{"href":"https:\/\/www.loja.prorevi.pt\/index.php?rest_route=\/wp\/v2\/types\/product"}],"replies":[{"embeddable":true,"href":"https:\/\/www.loja.prorevi.pt\/index.php?rest_route=%2Fwp%2Fv2%2Fcomments&post=7282"}],"wp:featuredmedia":[{"embeddable":true,"href":"https:\/\/www.loja.prorevi.pt\/index.php?rest_route=\/wp\/v2\/media\/7283"}],"wp:attachment":[{"href":"https:\/\/www.loja.prorevi.pt\/index.php?rest_route=%2Fwp%2Fv2%2Fmedia&parent=7282"}],"wp:term":[{"taxonomy":"product_cat","embeddable":true,"href":"https:\/\/www.loja.prorevi.pt\/index.php?rest_route=%2Fwp%2Fv2%2Fproduct_cat&post=7282"},{"taxonomy":"product_tag","embeddable":true,"href":"https:\/\/www.loja.prorevi.pt\/index.php?rest_route=%2Fwp%2Fv2%2Fproduct_tag&post=7282"}],"curies":[{"name":"wp","href":"https:\/\/api.w.org\/{rel}","templated":true}]}}