{"id":7284,"date":"2023-04-17T13:25:34","date_gmt":"2023-04-17T13:25:34","guid":{"rendered":"https:\/\/www.loja.prorevi.pt\/?post_type=product&#038;p=7284"},"modified":"2023-04-17T13:25:34","modified_gmt":"2023-04-17T13:25:34","slug":"bostik-h-750","status":"publish","type":"product","link":"https:\/\/www.loja.prorevi.pt\/?product=bostik-h-750","title":{"rendered":"Bostik &#8211; H 750"},"content":{"rendered":"<p>Cola e veda de elevada qualidade com forte poder de colagem, especialmente desenvolvido como um selante el\u00e1stico para juntas com movimento em cozinhas, casas de banho e aplica\u00e7\u00f5es industriais.<\/p>\n","protected":false},"excerpt":{"rendered":"<p>Cola e veda de elevada qualidade com forte poder de colagem, especialmente desenvolvido como um selante el\u00e1stico para juntas com movimento em cozinhas, casas de banho e aplica\u00e7\u00f5es industriais.<\/p>\n","protected":false},"featured_media":7285,"comment_status":"open","ping_status":"closed","template":"","meta":[],"product_cat":[168,116],"product_tag":[],"_links":{"self":[{"href":"https:\/\/www.loja.prorevi.pt\/index.php?rest_route=\/wp\/v2\/product\/7284"}],"collection":[{"href":"https:\/\/www.loja.prorevi.pt\/index.php?rest_route=\/wp\/v2\/product"}],"about":[{"href":"https:\/\/www.loja.prorevi.pt\/index.php?rest_route=\/wp\/v2\/types\/product"}],"replies":[{"embeddable":true,"href":"https:\/\/www.loja.prorevi.pt\/index.php?rest_route=%2Fwp%2Fv2%2Fcomments&post=7284"}],"wp:featuredmedia":[{"embeddable":true,"href":"https:\/\/www.loja.prorevi.pt\/index.php?rest_route=\/wp\/v2\/media\/7285"}],"wp:attachment":[{"href":"https:\/\/www.loja.prorevi.pt\/index.php?rest_route=%2Fwp%2Fv2%2Fmedia&parent=7284"}],"wp:term":[{"taxonomy":"product_cat","embeddable":true,"href":"https:\/\/www.loja.prorevi.pt\/index.php?rest_route=%2Fwp%2Fv2%2Fproduct_cat&post=7284"},{"taxonomy":"product_tag","embeddable":true,"href":"https:\/\/www.loja.prorevi.pt\/index.php?rest_route=%2Fwp%2Fv2%2Fproduct_tag&post=7284"}],"curies":[{"name":"wp","href":"https:\/\/api.w.org\/{rel}","templated":true}]}}