{"id":7305,"date":"2023-04-17T14:20:06","date_gmt":"2023-04-17T14:20:06","guid":{"rendered":"https:\/\/www.loja.prorevi.pt\/?post_type=product&#038;p=7305"},"modified":"2023-04-17T14:20:06","modified_gmt":"2023-04-17T14:20:06","slug":"latex-topeca","status":"publish","type":"product","link":"https:\/\/www.loja.prorevi.pt\/?product=latex-topeca","title":{"rendered":"Latex Topeca"},"content":{"rendered":"<p>Resina sol\u00favel que se adiciona \u00e0 \u00e1gua da amassadura das argamassas de cimento para melhorar as suas caracter\u00edsticas, nomeadamente: chapisco, reboco, betonilhas, argamassas de repara\u00e7\u00e3o e selagem, cal e gesso.<\/p>\n","protected":false},"excerpt":{"rendered":"<p>Resina sol\u00favel que se adiciona \u00e0 \u00e1gua da amassadura das argamassas de cimento para melhorar as suas caracter\u00edsticas, nomeadamente: chapisco, reboco, betonilhas, argamassas de repara\u00e7\u00e3o e selagem, cal e gesso.<\/p>\n","protected":false},"featured_media":7306,"comment_status":"open","ping_status":"closed","template":"","meta":[],"product_cat":[119,130],"product_tag":[],"_links":{"self":[{"href":"https:\/\/www.loja.prorevi.pt\/index.php?rest_route=\/wp\/v2\/product\/7305"}],"collection":[{"href":"https:\/\/www.loja.prorevi.pt\/index.php?rest_route=\/wp\/v2\/product"}],"about":[{"href":"https:\/\/www.loja.prorevi.pt\/index.php?rest_route=\/wp\/v2\/types\/product"}],"replies":[{"embeddable":true,"href":"https:\/\/www.loja.prorevi.pt\/index.php?rest_route=%2Fwp%2Fv2%2Fcomments&post=7305"}],"wp:featuredmedia":[{"embeddable":true,"href":"https:\/\/www.loja.prorevi.pt\/index.php?rest_route=\/wp\/v2\/media\/7306"}],"wp:attachment":[{"href":"https:\/\/www.loja.prorevi.pt\/index.php?rest_route=%2Fwp%2Fv2%2Fmedia&parent=7305"}],"wp:term":[{"taxonomy":"product_cat","embeddable":true,"href":"https:\/\/www.loja.prorevi.pt\/index.php?rest_route=%2Fwp%2Fv2%2Fproduct_cat&post=7305"},{"taxonomy":"product_tag","embeddable":true,"href":"https:\/\/www.loja.prorevi.pt\/index.php?rest_route=%2Fwp%2Fv2%2Fproduct_tag&post=7305"}],"curies":[{"name":"wp","href":"https:\/\/api.w.org\/{rel}","templated":true}]}}