{"id":7349,"date":"2023-04-17T16:43:26","date_gmt":"2023-04-17T16:43:26","guid":{"rendered":"https:\/\/www.loja.prorevi.pt\/?post_type=product&#038;p=7349"},"modified":"2023-04-17T16:43:26","modified_gmt":"2023-04-17T16:43:26","slug":"descofrante-topeca","status":"publish","type":"product","link":"https:\/\/www.loja.prorevi.pt\/?product=descofrante-topeca","title":{"rendered":"Descofrante Topeca"},"content":{"rendered":"<p>Indicado para utiliza\u00e7\u00e3o em moldes met\u00e1licos ou de madeira para bet\u00e3o, garantindo uma desmoldagem f\u00e1cil e limpa, al\u00e9m de evitar a oxida\u00e7\u00e3o dos moldes met\u00e1licos em armaz\u00e9m e aumentar a durabilidade dos moldes de madeira.<\/p>\n","protected":false},"excerpt":{"rendered":"<p>Indicado para utiliza\u00e7\u00e3o em moldes met\u00e1licos ou de madeira para bet\u00e3o, garantindo uma desmoldagem f\u00e1cil e limpa, al\u00e9m de evitar a oxida\u00e7\u00e3o dos moldes met\u00e1licos em armaz\u00e9m e aumentar a durabilidade dos moldes de madeira.<\/p>\n","protected":false},"featured_media":7350,"comment_status":"open","ping_status":"closed","template":"","meta":[],"product_cat":[134,119],"product_tag":[],"_links":{"self":[{"href":"https:\/\/www.loja.prorevi.pt\/index.php?rest_route=\/wp\/v2\/product\/7349"}],"collection":[{"href":"https:\/\/www.loja.prorevi.pt\/index.php?rest_route=\/wp\/v2\/product"}],"about":[{"href":"https:\/\/www.loja.prorevi.pt\/index.php?rest_route=\/wp\/v2\/types\/product"}],"replies":[{"embeddable":true,"href":"https:\/\/www.loja.prorevi.pt\/index.php?rest_route=%2Fwp%2Fv2%2Fcomments&post=7349"}],"wp:featuredmedia":[{"embeddable":true,"href":"https:\/\/www.loja.prorevi.pt\/index.php?rest_route=\/wp\/v2\/media\/7350"}],"wp:attachment":[{"href":"https:\/\/www.loja.prorevi.pt\/index.php?rest_route=%2Fwp%2Fv2%2Fmedia&parent=7349"}],"wp:term":[{"taxonomy":"product_cat","embeddable":true,"href":"https:\/\/www.loja.prorevi.pt\/index.php?rest_route=%2Fwp%2Fv2%2Fproduct_cat&post=7349"},{"taxonomy":"product_tag","embeddable":true,"href":"https:\/\/www.loja.prorevi.pt\/index.php?rest_route=%2Fwp%2Fv2%2Fproduct_tag&post=7349"}],"curies":[{"name":"wp","href":"https:\/\/api.w.org\/{rel}","templated":true}]}}