{"id":7362,"date":"2023-04-17T17:00:25","date_gmt":"2023-04-17T17:00:25","guid":{"rendered":"https:\/\/www.loja.prorevi.pt\/?post_type=product&#038;p=7362"},"modified":"2023-04-17T17:00:26","modified_gmt":"2023-04-17T17:00:26","slug":"weber-tec-grout","status":"publish","type":"product","link":"https:\/\/www.loja.prorevi.pt\/?product=weber-tec-grout","title":{"rendered":"Weber tec Grout"},"content":{"rendered":"<p>Argamassa fluida para selagens de altas presta\u00e7\u00f5es de elementos met\u00e1licos em bet\u00e3o (postes, barras e var\u00f5es, chumbadouros, pilares, bancadas de maquinaria, etc.), de presa r\u00e1pida e retra\u00e7\u00e3o controlada.<\/p>\n","protected":false},"excerpt":{"rendered":"<p>Argamassa fluida para selagens de altas presta\u00e7\u00f5es de elementos met\u00e1licos em bet\u00e3o (postes, barras e var\u00f5es, chumbadouros, pilares, bancadas de maquinaria, etc.), de presa r\u00e1pida e retra\u00e7\u00e3o controlada.<\/p>\n","protected":false},"featured_media":7363,"comment_status":"open","ping_status":"closed","template":"","meta":[],"product_cat":[135,119],"product_tag":[],"_links":{"self":[{"href":"https:\/\/www.loja.prorevi.pt\/index.php?rest_route=\/wp\/v2\/product\/7362"}],"collection":[{"href":"https:\/\/www.loja.prorevi.pt\/index.php?rest_route=\/wp\/v2\/product"}],"about":[{"href":"https:\/\/www.loja.prorevi.pt\/index.php?rest_route=\/wp\/v2\/types\/product"}],"replies":[{"embeddable":true,"href":"https:\/\/www.loja.prorevi.pt\/index.php?rest_route=%2Fwp%2Fv2%2Fcomments&post=7362"}],"wp:featuredmedia":[{"embeddable":true,"href":"https:\/\/www.loja.prorevi.pt\/index.php?rest_route=\/wp\/v2\/media\/7363"}],"wp:attachment":[{"href":"https:\/\/www.loja.prorevi.pt\/index.php?rest_route=%2Fwp%2Fv2%2Fmedia&parent=7362"}],"wp:term":[{"taxonomy":"product_cat","embeddable":true,"href":"https:\/\/www.loja.prorevi.pt\/index.php?rest_route=%2Fwp%2Fv2%2Fproduct_cat&post=7362"},{"taxonomy":"product_tag","embeddable":true,"href":"https:\/\/www.loja.prorevi.pt\/index.php?rest_route=%2Fwp%2Fv2%2Fproduct_tag&post=7362"}],"curies":[{"name":"wp","href":"https:\/\/api.w.org\/{rel}","templated":true}]}}