{"id":7364,"date":"2023-04-17T17:03:40","date_gmt":"2023-04-17T17:03:40","guid":{"rendered":"https:\/\/www.loja.prorevi.pt\/?post_type=product&#038;p=7364"},"modified":"2023-04-17T17:03:40","modified_gmt":"2023-04-17T17:03:40","slug":"weber-tec-refract","status":"publish","type":"product","link":"https:\/\/www.loja.prorevi.pt\/?product=weber-tec-refract","title":{"rendered":"Weber tec Refract"},"content":{"rendered":"<p>Argamassa de alta resist\u00eancia t\u00e9rmica, de endurecimento r\u00e1pido, para montagem de alvenarias de tijolo refrat\u00e1rio em lareiras e fornos, ou tijolo em contacto com \u00e1guas sulfatadas ou \u00e1cidas.<\/p>\n","protected":false},"excerpt":{"rendered":"<p>Argamassa de alta resist\u00eancia t\u00e9rmica, de endurecimento r\u00e1pido, para montagem de alvenarias de tijolo refrat\u00e1rio em lareiras e fornos, ou tijolo em contacto com \u00e1guas sulfatadas ou \u00e1cidas.<\/p>\n","protected":false},"featured_media":7365,"comment_status":"open","ping_status":"closed","template":"","meta":[],"product_cat":[135,119],"product_tag":[],"_links":{"self":[{"href":"https:\/\/www.loja.prorevi.pt\/index.php?rest_route=\/wp\/v2\/product\/7364"}],"collection":[{"href":"https:\/\/www.loja.prorevi.pt\/index.php?rest_route=\/wp\/v2\/product"}],"about":[{"href":"https:\/\/www.loja.prorevi.pt\/index.php?rest_route=\/wp\/v2\/types\/product"}],"replies":[{"embeddable":true,"href":"https:\/\/www.loja.prorevi.pt\/index.php?rest_route=%2Fwp%2Fv2%2Fcomments&post=7364"}],"wp:featuredmedia":[{"embeddable":true,"href":"https:\/\/www.loja.prorevi.pt\/index.php?rest_route=\/wp\/v2\/media\/7365"}],"wp:attachment":[{"href":"https:\/\/www.loja.prorevi.pt\/index.php?rest_route=%2Fwp%2Fv2%2Fmedia&parent=7364"}],"wp:term":[{"taxonomy":"product_cat","embeddable":true,"href":"https:\/\/www.loja.prorevi.pt\/index.php?rest_route=%2Fwp%2Fv2%2Fproduct_cat&post=7364"},{"taxonomy":"product_tag","embeddable":true,"href":"https:\/\/www.loja.prorevi.pt\/index.php?rest_route=%2Fwp%2Fv2%2Fproduct_tag&post=7364"}],"curies":[{"name":"wp","href":"https:\/\/api.w.org\/{rel}","templated":true}]}}