{"id":7366,"date":"2023-04-17T17:08:36","date_gmt":"2023-04-17T17:08:36","guid":{"rendered":"https:\/\/www.loja.prorevi.pt\/?post_type=product&#038;p=7366"},"modified":"2023-04-17T17:08:36","modified_gmt":"2023-04-17T17:08:36","slug":"weber-tec-trafic","status":"publish","type":"product","link":"https:\/\/www.loja.prorevi.pt\/?product=weber-tec-trafic","title":{"rendered":"Weber tec Trafic"},"content":{"rendered":"<p>Micro bet\u00e3o de presa r\u00e1pida para fixa\u00e7\u00f5es em \u00e1reas de tr\u00e1fego (mobili\u00e1rio urbano, tampas de visita, etc.) e repara\u00e7\u00f5es e enchimentos de grande espessura na horizontal, permitindo a circula\u00e7\u00e3o ap\u00f3s 2 horas e resistindo a tr\u00e1fego intenso.<\/p>\n<p>&nbsp;<\/p>\n","protected":false},"excerpt":{"rendered":"<p>Micro bet\u00e3o de presa r\u00e1pida para fixa\u00e7\u00f5es em \u00e1reas de tr\u00e1fego (mobili\u00e1rio urbano, tampas de visita, etc.) e repara\u00e7\u00f5es e enchimentos de grande espessura na horizontal, permitindo a circula\u00e7\u00e3o ap\u00f3s 2 horas e resistindo a tr\u00e1fego intenso. &nbsp;<\/p>\n","protected":false},"featured_media":7367,"comment_status":"open","ping_status":"closed","template":"","meta":[],"product_cat":[135,119],"product_tag":[],"_links":{"self":[{"href":"https:\/\/www.loja.prorevi.pt\/index.php?rest_route=\/wp\/v2\/product\/7366"}],"collection":[{"href":"https:\/\/www.loja.prorevi.pt\/index.php?rest_route=\/wp\/v2\/product"}],"about":[{"href":"https:\/\/www.loja.prorevi.pt\/index.php?rest_route=\/wp\/v2\/types\/product"}],"replies":[{"embeddable":true,"href":"https:\/\/www.loja.prorevi.pt\/index.php?rest_route=%2Fwp%2Fv2%2Fcomments&post=7366"}],"wp:featuredmedia":[{"embeddable":true,"href":"https:\/\/www.loja.prorevi.pt\/index.php?rest_route=\/wp\/v2\/media\/7367"}],"wp:attachment":[{"href":"https:\/\/www.loja.prorevi.pt\/index.php?rest_route=%2Fwp%2Fv2%2Fmedia&parent=7366"}],"wp:term":[{"taxonomy":"product_cat","embeddable":true,"href":"https:\/\/www.loja.prorevi.pt\/index.php?rest_route=%2Fwp%2Fv2%2Fproduct_cat&post=7366"},{"taxonomy":"product_tag","embeddable":true,"href":"https:\/\/www.loja.prorevi.pt\/index.php?rest_route=%2Fwp%2Fv2%2Fproduct_tag&post=7366"}],"curies":[{"name":"wp","href":"https:\/\/api.w.org\/{rel}","templated":true}]}}