{"id":7375,"date":"2023-04-21T16:40:14","date_gmt":"2023-04-21T16:40:14","guid":{"rendered":"https:\/\/www.loja.prorevi.pt\/?post_type=product&#038;p=7375"},"modified":"2023-04-21T16:40:14","modified_gmt":"2023-04-21T16:40:14","slug":"weber-floor-base-rapid","status":"publish","type":"product","link":"https:\/\/www.loja.prorevi.pt\/?product=weber-floor-base-rapid","title":{"rendered":"Weber floor Base Rapid"},"content":{"rendered":"<p>Betonilha de secagem r\u00e1pida com elevada resist\u00eancia mec\u00e2nica, para aplica\u00e7\u00e3o em interiores e exteriores, sobre bet\u00e3o \/ betonilha, cer\u00e2mica ou pedra natural (nestes \u00faltimos casos, refor\u00e7ada com incorpora\u00e7\u00e3o de rede weberfloor rede G120), em espessuras entre 4 e 8cm.<\/p>\n","protected":false},"excerpt":{"rendered":"<p>Betonilha de secagem r\u00e1pida com elevada resist\u00eancia mec\u00e2nica, para aplica\u00e7\u00e3o em interiores e exteriores, sobre bet\u00e3o \/ betonilha, cer\u00e2mica ou pedra natural (nestes \u00faltimos casos, refor\u00e7ada com incorpora\u00e7\u00e3o de rede weberfloor rede G120), em espessuras entre 4 e 8cm.<\/p>\n","protected":false},"featured_media":7376,"comment_status":"open","ping_status":"closed","template":"","meta":[],"product_cat":[163,120],"product_tag":[],"_links":{"self":[{"href":"https:\/\/www.loja.prorevi.pt\/index.php?rest_route=\/wp\/v2\/product\/7375"}],"collection":[{"href":"https:\/\/www.loja.prorevi.pt\/index.php?rest_route=\/wp\/v2\/product"}],"about":[{"href":"https:\/\/www.loja.prorevi.pt\/index.php?rest_route=\/wp\/v2\/types\/product"}],"replies":[{"embeddable":true,"href":"https:\/\/www.loja.prorevi.pt\/index.php?rest_route=%2Fwp%2Fv2%2Fcomments&post=7375"}],"wp:featuredmedia":[{"embeddable":true,"href":"https:\/\/www.loja.prorevi.pt\/index.php?rest_route=\/wp\/v2\/media\/7376"}],"wp:attachment":[{"href":"https:\/\/www.loja.prorevi.pt\/index.php?rest_route=%2Fwp%2Fv2%2Fmedia&parent=7375"}],"wp:term":[{"taxonomy":"product_cat","embeddable":true,"href":"https:\/\/www.loja.prorevi.pt\/index.php?rest_route=%2Fwp%2Fv2%2Fproduct_cat&post=7375"},{"taxonomy":"product_tag","embeddable":true,"href":"https:\/\/www.loja.prorevi.pt\/index.php?rest_route=%2Fwp%2Fv2%2Fproduct_tag&post=7375"}],"curies":[{"name":"wp","href":"https:\/\/api.w.org\/{rel}","templated":true}]}}