{"id":7377,"date":"2023-04-21T16:44:58","date_gmt":"2023-04-21T16:44:58","guid":{"rendered":"https:\/\/www.loja.prorevi.pt\/?post_type=product&#038;p=7377"},"modified":"2023-04-21T16:44:58","modified_gmt":"2023-04-21T16:44:58","slug":"weber-floor-flow","status":"publish","type":"product","link":"https:\/\/www.loja.prorevi.pt\/?product=weber-floor-flow","title":{"rendered":"Weber floor Flow"},"content":{"rendered":"<p>Betonilha para enchimento e regulariza\u00e7\u00e3o de pavimentos interiores, sobre suportes ciment\u00edcios, sistemas radiantes ou membranas de isolamento ac\u00fastico, entre 3 e 10cm de espessura.<\/p>\n","protected":false},"excerpt":{"rendered":"<p>Betonilha para enchimento e regulariza\u00e7\u00e3o de pavimentos interiores, sobre suportes ciment\u00edcios, sistemas radiantes ou membranas de isolamento ac\u00fastico, entre 3 e 10cm de espessura.<\/p>\n","protected":false},"featured_media":7378,"comment_status":"open","ping_status":"closed","template":"","meta":[],"product_cat":[163,120],"product_tag":[],"_links":{"self":[{"href":"https:\/\/www.loja.prorevi.pt\/index.php?rest_route=\/wp\/v2\/product\/7377"}],"collection":[{"href":"https:\/\/www.loja.prorevi.pt\/index.php?rest_route=\/wp\/v2\/product"}],"about":[{"href":"https:\/\/www.loja.prorevi.pt\/index.php?rest_route=\/wp\/v2\/types\/product"}],"replies":[{"embeddable":true,"href":"https:\/\/www.loja.prorevi.pt\/index.php?rest_route=%2Fwp%2Fv2%2Fcomments&post=7377"}],"wp:featuredmedia":[{"embeddable":true,"href":"https:\/\/www.loja.prorevi.pt\/index.php?rest_route=\/wp\/v2\/media\/7378"}],"wp:attachment":[{"href":"https:\/\/www.loja.prorevi.pt\/index.php?rest_route=%2Fwp%2Fv2%2Fmedia&parent=7377"}],"wp:term":[{"taxonomy":"product_cat","embeddable":true,"href":"https:\/\/www.loja.prorevi.pt\/index.php?rest_route=%2Fwp%2Fv2%2Fproduct_cat&post=7377"},{"taxonomy":"product_tag","embeddable":true,"href":"https:\/\/www.loja.prorevi.pt\/index.php?rest_route=%2Fwp%2Fv2%2Fproduct_tag&post=7377"}],"curies":[{"name":"wp","href":"https:\/\/api.w.org\/{rel}","templated":true}]}}