{"id":7379,"date":"2023-04-21T16:51:45","date_gmt":"2023-04-21T16:51:45","guid":{"rendered":"https:\/\/www.loja.prorevi.pt\/?post_type=product&#038;p=7379"},"modified":"2023-04-21T16:51:46","modified_gmt":"2023-04-21T16:51:46","slug":"weber-floor-light","status":"publish","type":"product","link":"https:\/\/www.loja.prorevi.pt\/?product=weber-floor-light","title":{"rendered":"Weber floor Light"},"content":{"rendered":"<p>Betonilha tradicional leve, com menor carga permanente (produto aligeirado), para aplica\u00e7\u00e3o em interiores e exteriores, sobre suportes ciment\u00edcios, cer\u00e2mica ou pedra, em espessuras entre 4 e 8cm.<\/p>\n","protected":false},"excerpt":{"rendered":"<p>Betonilha tradicional leve, com menor carga permanente (produto aligeirado), para aplica\u00e7\u00e3o em interiores e exteriores, sobre suportes ciment\u00edcios, cer\u00e2mica ou pedra, em espessuras entre 4 e 8cm.<\/p>\n","protected":false},"featured_media":7380,"comment_status":"open","ping_status":"closed","template":"","meta":[],"product_cat":[163,120],"product_tag":[],"_links":{"self":[{"href":"https:\/\/www.loja.prorevi.pt\/index.php?rest_route=\/wp\/v2\/product\/7379"}],"collection":[{"href":"https:\/\/www.loja.prorevi.pt\/index.php?rest_route=\/wp\/v2\/product"}],"about":[{"href":"https:\/\/www.loja.prorevi.pt\/index.php?rest_route=\/wp\/v2\/types\/product"}],"replies":[{"embeddable":true,"href":"https:\/\/www.loja.prorevi.pt\/index.php?rest_route=%2Fwp%2Fv2%2Fcomments&post=7379"}],"wp:featuredmedia":[{"embeddable":true,"href":"https:\/\/www.loja.prorevi.pt\/index.php?rest_route=\/wp\/v2\/media\/7380"}],"wp:attachment":[{"href":"https:\/\/www.loja.prorevi.pt\/index.php?rest_route=%2Fwp%2Fv2%2Fmedia&parent=7379"}],"wp:term":[{"taxonomy":"product_cat","embeddable":true,"href":"https:\/\/www.loja.prorevi.pt\/index.php?rest_route=%2Fwp%2Fv2%2Fproduct_cat&post=7379"},{"taxonomy":"product_tag","embeddable":true,"href":"https:\/\/www.loja.prorevi.pt\/index.php?rest_route=%2Fwp%2Fv2%2Fproduct_tag&post=7379"}],"curies":[{"name":"wp","href":"https:\/\/api.w.org\/{rel}","templated":true}]}}